{"id":5266,"date":"2021-07-18T08:03:35","date_gmt":"2021-07-18T08:03:35","guid":{"rendered":"https:\/\/nuss.uxper.co\/luxury-resort\/?page_id=5266"},"modified":"2025-10-06T03:53:30","modified_gmt":"2025-10-06T03:53:30","slug":"chi-siamo","status":"publish","type":"page","link":"https:\/\/mercurechengdu.com\/it\/about-us\/","title":{"rendered":"Chi siamo"},"content":{"rendered":"<div data-elementor-type=\"wp-page\" data-elementor-id=\"5266\" class=\"elementor elementor-5266\">\n\t\t\t\t\t\t<section class=\"elementor-section elementor-top-section elementor-element elementor-element-10416953 elementor-section-boxed elementor-section-gap-beside-yes elementor-section-height-default elementor-section-height-default elementor-section-column-vertical-align-stretch\" data-id=\"10416953\" data-element_type=\"section\" data-e-type=\"section\">\n\t\t\t\t\t\t<div class=\"elementor-container elementor-column-gap-extended\">\n\t\t\t\t\t<div class=\"elementor-column elementor-col-100 elementor-top-column elementor-element elementor-element-29c6aa8\" data-id=\"29c6aa8\" data-element_type=\"column\" data-e-type=\"column\">\n\t\t\t<div class=\"elementor-widget-wrap elementor-element-populated\">\n\t\t\t\t\t\t<div class=\"elementor-element elementor-element-7be18fe7 elementor-widget__width-initial elementor-invisible elementor-widget elementor-widget-text-editor\" data-id=\"7be18fe7\" data-element_type=\"widget\" data-e-type=\"widget\" data-settings=\"{&quot;_animation&quot;:&quot;nussFadeInUp&quot;}\" data-widget_type=\"text-editor.default\">\n\t\t\t\t\t\t\t\t\t<div class=\"svelte-1c06zsf\" data-lang-code=\"\"><p data-spm-anchor-id=\"a2ty_o01.29997173.0.i27.ead2c921ZzvKd1\">Il tuo elegante punto di accesso al Bund e a Nanjing Road<\/p><\/div>\t\t\t\t\t\t\t\t<\/div>\n\t\t\t\t\t<\/div>\n\t\t<\/div>\n\t\t\t\t\t<\/div>\n\t\t<\/section>\n\t\t\t\t<section class=\"elementor-section elementor-top-section elementor-element elementor-element-7d18327f elementor-section-boxed elementor-section-gap-beside-yes elementor-section-height-default elementor-section-height-default elementor-section-column-vertical-align-stretch\" data-id=\"7d18327f\" data-element_type=\"section\" data-e-type=\"section\">\n\t\t\t\t\t\t<div class=\"elementor-container elementor-column-gap-extended\">\n\t\t\t\t\t<div class=\"elementor-column elementor-col-50 elementor-top-column elementor-element elementor-element-56533670\" data-id=\"56533670\" data-element_type=\"column\" data-e-type=\"column\">\n\t\t\t<div class=\"elementor-widget-wrap elementor-element-populated\">\n\t\t\t\t\t\t<div class=\"elementor-element elementor-element-19c3f543 elementor-drop-cap-yes elementor-drop-cap-view-default elementor-invisible elementor-widget elementor-widget-text-editor\" data-id=\"19c3f543\" data-element_type=\"widget\" data-e-type=\"widget\" data-settings=\"{&quot;_animation&quot;:&quot;nussFadeInUp&quot;,&quot;drop_cap&quot;:&quot;yes&quot;}\" data-widget_type=\"text-editor.default\">\n\t\t\t\t\t\t\t\t\t<p data-spm-anchor-id=\"a2ty_o01.29997173.0.i29.3d51c921ETJXfI\">Immerso nel cuore vibrante del distretto Jinjiang di Chengdu, <strong>Mercure Chengdu Chunxi Taikoo Li<\/strong> si erge come un rifugio urbano di prim&#039;ordine per viaggiatori esigenti in cerca di comfort, cultura e convenienza. Situato a <strong>No.20 Shuwa North 3rd Street<\/strong>, il nostro hotel a 4 stelle offre un accesso agevole alle destinazioni pi\u00f9 iconiche della citt\u00e0, dalle boutique chic ai cortili ricchi di opere d&#039;arte di <strong>Taikoo Li<\/strong> all&#039;energia frenetica di <strong>Chunxi Road<\/strong>, famosa per lo shopping, il cibo di strada e la vita notturna.<\/p>\t\t\t\t\t\t\t\t<\/div>\n\t\t\t\t\t<\/div>\n\t\t<\/div>\n\t\t\t\t<div class=\"elementor-column elementor-col-50 elementor-top-column elementor-element elementor-element-30f14127\" data-id=\"30f14127\" data-element_type=\"column\" data-e-type=\"column\">\n\t\t\t<div class=\"elementor-widget-wrap elementor-element-populated\">\n\t\t\t\t\t\t<div class=\"elementor-element elementor-element-59aea08 elementor-widget elementor-widget-image\" data-id=\"59aea08\" data-element_type=\"widget\" data-e-type=\"widget\" data-widget_type=\"image.default\">\n\t\t\t\t\t\t\t\t\t\t\t\t\t\t\t<img fetchpriority=\"high\" decoding=\"async\" width=\"681\" height=\"853\" src=\"https:\/\/mercurechengdu.com\/wp-content\/uploads\/2025\/10\/Mercure-Chengdu-Chunxi-Taikoo-Li-70.webp\" class=\"attachment-large size-large wp-image-7194\" alt=\"\" srcset=\"https:\/\/mercurechengdu.com\/wp-content\/uploads\/2025\/10\/Mercure-Chengdu-Chunxi-Taikoo-Li-70.webp 681w, https:\/\/mercurechengdu.com\/wp-content\/uploads\/2025\/10\/Mercure-Chengdu-Chunxi-Taikoo-Li-70-240x300.webp 240w, https:\/\/mercurechengdu.com\/wp-content\/uploads\/2025\/10\/Mercure-Chengdu-Chunxi-Taikoo-Li-70-10x12.webp 10w\" sizes=\"(max-width: 681px) 100vw, 681px\" \/>\t\t\t\t\t\t\t\t\t\t\t\t\t\t\t<\/div>\n\t\t\t\t\t<\/div>\n\t\t<\/div>\n\t\t\t\t\t<\/div>\n\t\t<\/section>\n\t\t\t\t<section class=\"elementor-section elementor-top-section elementor-element elementor-element-29fb8578 elementor-section-height-min-height elementor-section-stretched elementor-section-full_width elementor-section-items-stretch elementor-section-height-default elementor-section-column-vertical-align-stretch\" data-id=\"29fb8578\" data-element_type=\"section\" data-e-type=\"section\" data-settings=\"{&quot;stretch_section&quot;:&quot;section-stretched&quot;}\">\n\t\t\t\t\t\t<div class=\"elementor-container elementor-column-gap-no\">\n\t\t\t\t\t<div class=\"elementor-column elementor-col-50 elementor-top-column elementor-element elementor-element-40ac270b\" data-id=\"40ac270b\" data-element_type=\"column\" data-e-type=\"column\">\n\t\t\t<div class=\"elementor-widget-wrap elementor-element-populated\">\n\t\t\t\t\t\t<div class=\"elementor-element elementor-element-20872773 elementor-widget__width-initial elementor-widget-mobile__width-inherit elementor-invisible nuss-elementor-loading nuss-slide-in-right elementor-widget elementor-widget-image\" data-id=\"20872773\" data-element_type=\"widget\" data-e-type=\"widget\" data-settings=\"{&quot;_animation&quot;:&quot;nussSlideInRight&quot;}\" data-widget_type=\"image.default\">\n\t\t\t\t\t\t\t\t\t\t\t\t\t\t\t<img decoding=\"async\" width=\"1280\" height=\"842\" src=\"https:\/\/mercurechengdu.com\/wp-content\/uploads\/2025\/10\/Mercure-Chengdu-Chunxi-Taikoo-Li-24.webp\" class=\"attachment-full size-full wp-image-7149\" alt=\"\" srcset=\"https:\/\/mercurechengdu.com\/wp-content\/uploads\/2025\/10\/Mercure-Chengdu-Chunxi-Taikoo-Li-24.webp 1280w, https:\/\/mercurechengdu.com\/wp-content\/uploads\/2025\/10\/Mercure-Chengdu-Chunxi-Taikoo-Li-24-300x197.webp 300w, https:\/\/mercurechengdu.com\/wp-content\/uploads\/2025\/10\/Mercure-Chengdu-Chunxi-Taikoo-Li-24-1024x674.webp 1024w, https:\/\/mercurechengdu.com\/wp-content\/uploads\/2025\/10\/Mercure-Chengdu-Chunxi-Taikoo-Li-24-768x505.webp 768w, https:\/\/mercurechengdu.com\/wp-content\/uploads\/2025\/10\/Mercure-Chengdu-Chunxi-Taikoo-Li-24-18x12.webp 18w\" sizes=\"(max-width: 1280px) 100vw, 1280px\" \/>\t\t\t\t\t\t\t\t\t\t\t\t\t\t\t<\/div>\n\t\t\t\t\t<\/div>\n\t\t<\/div>\n\t\t\t\t<div class=\"elementor-column elementor-col-50 elementor-top-column elementor-element elementor-element-2dac103\" data-id=\"2dac103\" data-element_type=\"column\" data-e-type=\"column\">\n\t\t\t<div class=\"elementor-widget-wrap elementor-element-populated\">\n\t\t\t\t\t\t<div class=\"elementor-element elementor-element-6f1b8966 elementor-invisible elementor-widget elementor-widget-text-editor\" data-id=\"6f1b8966\" data-element_type=\"widget\" data-e-type=\"widget\" data-settings=\"{&quot;_animation&quot;:&quot;nussFadeInUp&quot;}\" data-widget_type=\"text-editor.default\">\n\t\t\t\t\t\t\t\t\t<p data-spm-anchor-id=\"a2ty_o01.29997173.0.i30.3d51c921ETJXfI\">Progettato sia per i viaggiatori d&#039;affari che per i turisti, il Mercure Chengdu Chunxi Taikoo Li coniuga la moderna ospitalit\u00e0 francese con l&#039;autentico fascino del Sichuan. Ogni camera, arredata con cura, offre biancheria da letto di lusso, tecnologia intelligente, viste panoramiche sulla citt\u00e0 e rilassanti tonalit\u00e0 neutre ispirate ai paesaggi locali. Che siate qui per esplorare i santuari dei panda, sorseggiare un t\u00e8 in antiche sale da t\u00e8 o partecipare a riunioni di alto livello, il vostro soggiorno sar\u00e0 reso ancora pi\u00f9 speciale da un servizio intuitivo, servizi curati localmente e spazi sereni pensati per il riposo e il ringiovanimento.<\/p><div class=\"my-2\">\u00a0<\/div><p>Cenate come la gente del posto, o concedetevi un&#039;esperienza culinaria internazionale, nel nostro ristorante esclusivo, dove le audaci spezie del Sichuan si fondono con le moderne tecniche culinarie. Dai buffet per la colazione con noodles dan dan ai cocktail serali con vista sullo skyline di Chengdu, ogni pasto \u00e8 un&#039;esperienza unica.<\/p><div class=\"my-2\">\u00a0<\/div><p>I nostri servizi sono pensati per te: concierge 24 ore su 24, 7 giorni su 7, sale riunioni flessibili, centro fitness e itinerari personalizzati che svelano tesori nascosti che solo la gente del posto conosce. Con facile accesso alla metropolitana e a pochi passi dalle principali attrazioni, il Mercure Chengdu Chunxi Taikoo Li non \u00e8 solo un posto dove dormire: \u00e8 la tua porta d&#039;accesso per vivere il ritmo, i sapori e l&#039;anima di Chengdu.<\/p><div class=\"my-2\">\u00a0<\/div><p><strong>Perfetto per i viaggiatori che cercano: &quot;miglior hotel vicino a Taikoo Li Chengdu&quot;, &quot;hotel di lusso nel distretto di Jinjiang&quot;, &quot;hotel business a Chengdu con trasferimento aeroportuale&quot; o &quot;hotel boutique a Chengdu con ottimi ristoranti&quot;.<\/strong> Prenota oggi il tuo soggiorno indimenticabile, dove ogni dettaglio sussurra <em>benvenuti a casa<\/em>\u2026nel cuore della citt\u00e0 pi\u00f9 vivibile della Cina.<\/p>\t\t\t\t\t\t\t\t<\/div>\n\t\t\t\t\t<\/div>\n\t\t<\/div>\n\t\t\t\t\t<\/div>\n\t\t<\/section>\n\t\t\t\t<section class=\"elementor-section elementor-top-section elementor-element elementor-element-2092b7d0 elementor-section-stretched elementor-section-boxed elementor-section-gap-beside-yes elementor-section-height-default elementor-section-height-default elementor-section-column-vertical-align-stretch\" data-id=\"2092b7d0\" data-element_type=\"section\" data-e-type=\"section\" data-settings=\"{&quot;background_background&quot;:&quot;classic&quot;,&quot;stretch_section&quot;:&quot;section-stretched&quot;}\">\n\t\t\t\t\t\t<div class=\"elementor-container elementor-column-gap-extended\">\n\t\t\t\t\t<div class=\"elementor-column elementor-col-100 elementor-top-column elementor-element elementor-element-be69d75\" data-id=\"be69d75\" data-element_type=\"column\" data-e-type=\"column\">\n\t\t\t<div class=\"elementor-widget-wrap elementor-element-populated\">\n\t\t\t\t\t\t<div class=\"elementor-element elementor-element-320c022 elementor-widget elementor-widget-nuss-heading\" data-id=\"320c022\" data-element_type=\"widget\" data-e-type=\"widget\" data-widget_type=\"nuss-heading.default\">\n\t\t\t\t<div class=\"elementor-widget-container\">\n\t\t\t\t\t\t\t<div class=\"nuss-modern-heading\">\r\n\t\t\t\t\t\t<div class=\"heading-secondary-wrap\">\r\n\t\t\t\t<h3 class=\"heading-secondary elementor-heading-title\">Controlla disponibile <\/h3>\t\t\t<\/div>\r\n\t\t\r\n\t\t\t\r\n\t\t\t\r\n\t\t\t\t\t<\/div>\r\n\t\t\t\t\t<\/div>\n\t\t\t\t<\/div>\n\t\t\t\t<div class=\"elementor-element elementor-element-fe69a93 elementor-widget elementor-widget-text-editor\" data-id=\"fe69a93\" data-element_type=\"widget\" data-e-type=\"widget\" data-widget_type=\"text-editor.default\">\n\t\t\t\t\t\t\t\t\t<iframe border=\"0\" src=\"https:\/\/www.trip.com\/partners\/ad\/S5749354?Allianceid=7116208&#038;SID=263848509&#038;trip_sub1=\" style=\"width:1200px;height:200px\" frameborder=\"0\" scrolling=\"no\" id=\"S5749354\"><\/iframe>\t\t\t\t\t\t\t\t<\/div>\n\t\t\t\t\t<\/div>\n\t\t<\/div>\n\t\t\t\t\t<\/div>\n\t\t<\/section>\n\t\t\t\t<\/div>","protected":false},"excerpt":{"rendered":"<p>Your Stylish Gateway to the Bund &amp; Nanjing Road Nestled in the vibrant heart of Chengdu\u2019s Jinjiang District, Mercure Chengdu Chunxi Taikoo Li stands as a premier urban retreat for discerning travelers seeking comfort, culture, and convenience. Located at No.20 Shuwa North 3rd Street, our 4-star hotel offers seamless access to the city\u2019s most iconic [&hellip;]<\/p>\n","protected":false},"author":1,"featured_media":0,"parent":0,"menu_order":0,"comment_status":"closed","ping_status":"closed","template":"","meta":{"footnotes":""},"class_list":["post-5266","page","type-page","status-publish","hentry","post-no-thumbnail"],"_links":{"self":[{"href":"https:\/\/mercurechengdu.com\/it\/wp-json\/wp\/v2\/pages\/5266","targetHints":{"allow":["GET"]}}],"collection":[{"href":"https:\/\/mercurechengdu.com\/it\/wp-json\/wp\/v2\/pages"}],"about":[{"href":"https:\/\/mercurechengdu.com\/it\/wp-json\/wp\/v2\/types\/page"}],"author":[{"embeddable":true,"href":"https:\/\/mercurechengdu.com\/it\/wp-json\/wp\/v2\/users\/1"}],"replies":[{"embeddable":true,"href":"https:\/\/mercurechengdu.com\/it\/wp-json\/wp\/v2\/comments?post=5266"}],"version-history":[{"count":0,"href":"https:\/\/mercurechengdu.com\/it\/wp-json\/wp\/v2\/pages\/5266\/revisions"}],"wp:attachment":[{"href":"https:\/\/mercurechengdu.com\/it\/wp-json\/wp\/v2\/media?parent=5266"}],"curies":[{"name":"wp","href":"https:\/\/api.w.org\/{rel}","templated":true}]}}