{"id":5266,"date":"2021-07-18T08:03:35","date_gmt":"2021-07-18T08:03:35","guid":{"rendered":"https:\/\/nuss.uxper.co\/luxury-resort\/?page_id=5266"},"modified":"2025-10-06T03:53:30","modified_gmt":"2025-10-06T03:53:30","slug":"a-propos-de-nous","status":"publish","type":"page","link":"https:\/\/mercurechengdu.com\/fr\/about-us\/","title":{"rendered":"\u00c0 propos de nous"},"content":{"rendered":"<div data-elementor-type=\"wp-page\" data-elementor-id=\"5266\" class=\"elementor elementor-5266\">\n\t\t\t\t\t\t<section class=\"elementor-section elementor-top-section elementor-element elementor-element-10416953 elementor-section-boxed elementor-section-gap-beside-yes elementor-section-height-default elementor-section-height-default elementor-section-column-vertical-align-stretch\" data-id=\"10416953\" data-element_type=\"section\" data-e-type=\"section\">\n\t\t\t\t\t\t<div class=\"elementor-container elementor-column-gap-extended\">\n\t\t\t\t\t<div class=\"elementor-column elementor-col-100 elementor-top-column elementor-element elementor-element-29c6aa8\" data-id=\"29c6aa8\" data-element_type=\"column\" data-e-type=\"column\">\n\t\t\t<div class=\"elementor-widget-wrap elementor-element-populated\">\n\t\t\t\t\t\t<div class=\"elementor-element elementor-element-7be18fe7 elementor-widget__width-initial elementor-invisible elementor-widget elementor-widget-text-editor\" data-id=\"7be18fe7\" data-element_type=\"widget\" data-e-type=\"widget\" data-settings=\"{&quot;_animation&quot;:&quot;nussFadeInUp&quot;}\" data-widget_type=\"text-editor.default\">\n\t\t\t\t\t\t\t\t\t<div class=\"svelte-1c06zsf\" data-lang-code=\"\"><p data-spm-anchor-id=\"a2ty_o01.29997173.0.i27.ead2c921ZzvKd1\">Votre porte d&#039;entr\u00e9e \u00e9l\u00e9gante vers le Bund et la route de Nanjing<\/p><\/div>\t\t\t\t\t\t\t\t<\/div>\n\t\t\t\t\t<\/div>\n\t\t<\/div>\n\t\t\t\t\t<\/div>\n\t\t<\/section>\n\t\t\t\t<section class=\"elementor-section elementor-top-section elementor-element elementor-element-7d18327f elementor-section-boxed elementor-section-gap-beside-yes elementor-section-height-default elementor-section-height-default elementor-section-column-vertical-align-stretch\" data-id=\"7d18327f\" data-element_type=\"section\" data-e-type=\"section\">\n\t\t\t\t\t\t<div class=\"elementor-container elementor-column-gap-extended\">\n\t\t\t\t\t<div class=\"elementor-column elementor-col-50 elementor-top-column elementor-element elementor-element-56533670\" data-id=\"56533670\" data-element_type=\"column\" data-e-type=\"column\">\n\t\t\t<div class=\"elementor-widget-wrap elementor-element-populated\">\n\t\t\t\t\t\t<div class=\"elementor-element elementor-element-19c3f543 elementor-drop-cap-yes elementor-drop-cap-view-default elementor-invisible elementor-widget elementor-widget-text-editor\" data-id=\"19c3f543\" data-element_type=\"widget\" data-e-type=\"widget\" data-settings=\"{&quot;_animation&quot;:&quot;nussFadeInUp&quot;,&quot;drop_cap&quot;:&quot;yes&quot;}\" data-widget_type=\"text-editor.default\">\n\t\t\t\t\t\t\t\t\t<p data-spm-anchor-id=\"a2ty_o01.29997173.0.i29.3d51c921ETJXfI\">Nich\u00e9 au c\u0153ur anim\u00e9 du district de Jinjiang \u00e0 Chengdu, <strong>Mercure Chengdu Chunxi Taikoo Li<\/strong> se pr\u00e9sente comme un refuge urbain de premier ordre pour les voyageurs exigeants en qu\u00eate de confort, de culture et de commodit\u00e9. Situ\u00e9 \u00e0 <strong>N\u00b0 20 Shuwa North 3rd Street<\/strong>, notre h\u00f4tel 4 \u00e9toiles offre un acc\u00e8s facile aux destinations les plus embl\u00e9matiques de la ville \u2014 des boutiques chics et des cours remplies d&#039;art de <strong>Taikoo Li<\/strong> \u00e0 l&#039;\u00e9nergie bouillonnante de <strong>Route de Chunxi<\/strong>, c\u00e9l\u00e8bre pour ses boutiques, sa cuisine de rue et sa vie nocturne.<\/p>\t\t\t\t\t\t\t\t<\/div>\n\t\t\t\t\t<\/div>\n\t\t<\/div>\n\t\t\t\t<div class=\"elementor-column elementor-col-50 elementor-top-column elementor-element elementor-element-30f14127\" data-id=\"30f14127\" data-element_type=\"column\" data-e-type=\"column\">\n\t\t\t<div class=\"elementor-widget-wrap elementor-element-populated\">\n\t\t\t\t\t\t<div class=\"elementor-element elementor-element-59aea08 elementor-widget elementor-widget-image\" data-id=\"59aea08\" data-element_type=\"widget\" data-e-type=\"widget\" data-widget_type=\"image.default\">\n\t\t\t\t\t\t\t\t\t\t\t\t\t\t\t<img fetchpriority=\"high\" decoding=\"async\" width=\"681\" height=\"853\" src=\"https:\/\/mercurechengdu.com\/wp-content\/uploads\/2025\/10\/Mercure-Chengdu-Chunxi-Taikoo-Li-70.webp\" class=\"attachment-large size-large wp-image-7194\" alt=\"\" srcset=\"https:\/\/mercurechengdu.com\/wp-content\/uploads\/2025\/10\/Mercure-Chengdu-Chunxi-Taikoo-Li-70.webp 681w, https:\/\/mercurechengdu.com\/wp-content\/uploads\/2025\/10\/Mercure-Chengdu-Chunxi-Taikoo-Li-70-240x300.webp 240w, https:\/\/mercurechengdu.com\/wp-content\/uploads\/2025\/10\/Mercure-Chengdu-Chunxi-Taikoo-Li-70-10x12.webp 10w\" sizes=\"(max-width: 681px) 100vw, 681px\" \/>\t\t\t\t\t\t\t\t\t\t\t\t\t\t\t<\/div>\n\t\t\t\t\t<\/div>\n\t\t<\/div>\n\t\t\t\t\t<\/div>\n\t\t<\/section>\n\t\t\t\t<section class=\"elementor-section elementor-top-section elementor-element elementor-element-29fb8578 elementor-section-height-min-height elementor-section-stretched elementor-section-full_width elementor-section-items-stretch elementor-section-height-default elementor-section-column-vertical-align-stretch\" data-id=\"29fb8578\" data-element_type=\"section\" data-e-type=\"section\" data-settings=\"{&quot;stretch_section&quot;:&quot;section-stretched&quot;}\">\n\t\t\t\t\t\t<div class=\"elementor-container elementor-column-gap-no\">\n\t\t\t\t\t<div class=\"elementor-column elementor-col-50 elementor-top-column elementor-element elementor-element-40ac270b\" data-id=\"40ac270b\" data-element_type=\"column\" data-e-type=\"column\">\n\t\t\t<div class=\"elementor-widget-wrap elementor-element-populated\">\n\t\t\t\t\t\t<div class=\"elementor-element elementor-element-20872773 elementor-widget__width-initial elementor-widget-mobile__width-inherit elementor-invisible nuss-elementor-loading nuss-slide-in-right elementor-widget elementor-widget-image\" data-id=\"20872773\" data-element_type=\"widget\" data-e-type=\"widget\" data-settings=\"{&quot;_animation&quot;:&quot;nussSlideInRight&quot;}\" data-widget_type=\"image.default\">\n\t\t\t\t\t\t\t\t\t\t\t\t\t\t\t<img decoding=\"async\" width=\"1280\" height=\"842\" src=\"https:\/\/mercurechengdu.com\/wp-content\/uploads\/2025\/10\/Mercure-Chengdu-Chunxi-Taikoo-Li-24.webp\" class=\"attachment-full size-full wp-image-7149\" alt=\"\" srcset=\"https:\/\/mercurechengdu.com\/wp-content\/uploads\/2025\/10\/Mercure-Chengdu-Chunxi-Taikoo-Li-24.webp 1280w, https:\/\/mercurechengdu.com\/wp-content\/uploads\/2025\/10\/Mercure-Chengdu-Chunxi-Taikoo-Li-24-300x197.webp 300w, https:\/\/mercurechengdu.com\/wp-content\/uploads\/2025\/10\/Mercure-Chengdu-Chunxi-Taikoo-Li-24-1024x674.webp 1024w, https:\/\/mercurechengdu.com\/wp-content\/uploads\/2025\/10\/Mercure-Chengdu-Chunxi-Taikoo-Li-24-768x505.webp 768w, https:\/\/mercurechengdu.com\/wp-content\/uploads\/2025\/10\/Mercure-Chengdu-Chunxi-Taikoo-Li-24-18x12.webp 18w\" sizes=\"(max-width: 1280px) 100vw, 1280px\" \/>\t\t\t\t\t\t\t\t\t\t\t\t\t\t\t<\/div>\n\t\t\t\t\t<\/div>\n\t\t<\/div>\n\t\t\t\t<div class=\"elementor-column elementor-col-50 elementor-top-column elementor-element elementor-element-2dac103\" data-id=\"2dac103\" data-element_type=\"column\" data-e-type=\"column\">\n\t\t\t<div class=\"elementor-widget-wrap elementor-element-populated\">\n\t\t\t\t\t\t<div class=\"elementor-element elementor-element-6f1b8966 elementor-invisible elementor-widget elementor-widget-text-editor\" data-id=\"6f1b8966\" data-element_type=\"widget\" data-e-type=\"widget\" data-settings=\"{&quot;_animation&quot;:&quot;nussFadeInUp&quot;}\" data-widget_type=\"text-editor.default\">\n\t\t\t\t\t\t\t\t\t<p data-spm-anchor-id=\"a2ty_o01.29997173.0.i30.3d51c921ETJXfI\">Con\u00e7u pour les voyageurs d&#039;affaires comme pour les touristes, le Mercure Chengdu Chunxi Taikoo Li allie l&#039;hospitalit\u00e9 fran\u00e7aise contemporaine au charme authentique du Sichuan. Chaque chambre, soigneusement am\u00e9nag\u00e9e, offre une literie douillette, des technologies intelligentes, une vue panoramique sur la ville et des tons neutres et apaisants inspir\u00e9s des paysages locaux. Que vous soyez ici pour explorer les sanctuaires de pandas, savourer un th\u00e9 dans d&#039;anciens salons de th\u00e9 ou assister \u00e0 des r\u00e9unions de haut niveau, votre s\u00e9jour sera sublim\u00e9 par un service personnalis\u00e9, des \u00e9quipements locaux et des espaces sereins con\u00e7us pour le repos et la d\u00e9tente.<\/p><div class=\"my-2\">\u00a0<\/div><p>D\u00eenez comme un local ou savourez une cuisine internationale dans notre restaurant signature, o\u00f9 les \u00e9pices audacieuses du Sichuan se marient aux techniques culinaires modernes. Du buffet du petit-d\u00e9jeuner compos\u00e9 de nouilles dan dan aux cocktails du soir avec vue sur Chengdu, chaque repas est une exp\u00e9rience unique.<\/p><div class=\"my-2\">\u00a0<\/div><p>Nos services sont con\u00e7us pour vous : conciergerie 24h\/24 et 7j\/7, salles de r\u00e9union modulables, salle de fitness et itin\u00e9raires personnalis\u00e9s qui vous d\u00e9voilent des tr\u00e9sors cach\u00e9s que seuls les locaux connaissent. Facilement accessible en m\u00e9tro et \u00e0 deux pas des principales attractions, le Mercure Chengdu Chunxi Taikoo Li n&#039;est pas seulement un lieu o\u00f9 dormir : c&#039;est votre porte d&#039;entr\u00e9e pour d\u00e9couvrir le rythme, les saveurs et l&#039;\u00e2me de Chengdu.<\/p><div class=\"my-2\">\u00a0<\/div><p><strong>Id\u00e9al pour les voyageurs recherchant : \u00ab meilleur h\u00f4tel pr\u00e8s de Taikoo Li Chengdu \u00bb, \u00ab h\u00f4tels de luxe dans le district de Jinjiang \u00bb, \u00ab h\u00f4tels d&#039;affaires \u00e0 Chengdu avec transfert a\u00e9roport \u00bb ou \u00ab h\u00f4tels de charme \u00e0 Chengdu avec une excellente cuisine \u00bb.<\/strong> R\u00e9servez d\u00e8s aujourd&#039;hui votre s\u00e9jour inoubliable, l\u00e0 o\u00f9 chaque d\u00e9tail murmure <em>bienvenue \u00e0 la maison<\/em>\u2026 au c\u0153ur de la ville la plus vivable de Chine.<\/p>\t\t\t\t\t\t\t\t<\/div>\n\t\t\t\t\t<\/div>\n\t\t<\/div>\n\t\t\t\t\t<\/div>\n\t\t<\/section>\n\t\t\t\t<section class=\"elementor-section elementor-top-section elementor-element elementor-element-2092b7d0 elementor-section-stretched elementor-section-boxed elementor-section-gap-beside-yes elementor-section-height-default elementor-section-height-default elementor-section-column-vertical-align-stretch\" data-id=\"2092b7d0\" data-element_type=\"section\" data-e-type=\"section\" data-settings=\"{&quot;background_background&quot;:&quot;classic&quot;,&quot;stretch_section&quot;:&quot;section-stretched&quot;}\">\n\t\t\t\t\t\t<div class=\"elementor-container elementor-column-gap-extended\">\n\t\t\t\t\t<div class=\"elementor-column elementor-col-100 elementor-top-column elementor-element elementor-element-be69d75\" data-id=\"be69d75\" data-element_type=\"column\" data-e-type=\"column\">\n\t\t\t<div class=\"elementor-widget-wrap elementor-element-populated\">\n\t\t\t\t\t\t<div class=\"elementor-element elementor-element-320c022 elementor-widget elementor-widget-nuss-heading\" data-id=\"320c022\" data-element_type=\"widget\" data-e-type=\"widget\" data-widget_type=\"nuss-heading.default\">\n\t\t\t\t<div class=\"elementor-widget-container\">\n\t\t\t\t\t\t\t<div class=\"nuss-modern-heading\">\r\n\t\t\t\t\t\t<div class=\"heading-secondary-wrap\">\r\n\t\t\t\t<h3 class=\"heading-secondary elementor-heading-title\">Ch\u00e8que disponible <\/h3>\t\t\t<\/div>\r\n\t\t\r\n\t\t\t\r\n\t\t\t\r\n\t\t\t\t\t<\/div>\r\n\t\t\t\t\t<\/div>\n\t\t\t\t<\/div>\n\t\t\t\t<div class=\"elementor-element elementor-element-fe69a93 elementor-widget elementor-widget-text-editor\" data-id=\"fe69a93\" data-element_type=\"widget\" data-e-type=\"widget\" data-widget_type=\"text-editor.default\">\n\t\t\t\t\t\t\t\t\t<iframe border=\"0\" src=\"https:\/\/www.trip.com\/partners\/ad\/S5749354?Allianceid=7116208&#038;SID=263848509&#038;trip_sub1=\" style=\"width:1200px;height:200px\" frameborder=\"0\" scrolling=\"no\" id=\"S5749354\"><\/iframe>\t\t\t\t\t\t\t\t<\/div>\n\t\t\t\t\t<\/div>\n\t\t<\/div>\n\t\t\t\t\t<\/div>\n\t\t<\/section>\n\t\t\t\t<\/div>","protected":false},"excerpt":{"rendered":"<p>Your Stylish Gateway to the Bund &amp; Nanjing Road Nestled in the vibrant heart of Chengdu\u2019s Jinjiang District, Mercure Chengdu Chunxi Taikoo Li stands as a premier urban retreat for discerning travelers seeking comfort, culture, and convenience. Located at No.20 Shuwa North 3rd Street, our 4-star hotel offers seamless access to the city\u2019s most iconic [&hellip;]<\/p>\n","protected":false},"author":1,"featured_media":0,"parent":0,"menu_order":0,"comment_status":"closed","ping_status":"closed","template":"","meta":{"footnotes":""},"class_list":["post-5266","page","type-page","status-publish","hentry","post-no-thumbnail"],"_links":{"self":[{"href":"https:\/\/mercurechengdu.com\/fr\/wp-json\/wp\/v2\/pages\/5266","targetHints":{"allow":["GET"]}}],"collection":[{"href":"https:\/\/mercurechengdu.com\/fr\/wp-json\/wp\/v2\/pages"}],"about":[{"href":"https:\/\/mercurechengdu.com\/fr\/wp-json\/wp\/v2\/types\/page"}],"author":[{"embeddable":true,"href":"https:\/\/mercurechengdu.com\/fr\/wp-json\/wp\/v2\/users\/1"}],"replies":[{"embeddable":true,"href":"https:\/\/mercurechengdu.com\/fr\/wp-json\/wp\/v2\/comments?post=5266"}],"version-history":[{"count":0,"href":"https:\/\/mercurechengdu.com\/fr\/wp-json\/wp\/v2\/pages\/5266\/revisions"}],"wp:attachment":[{"href":"https:\/\/mercurechengdu.com\/fr\/wp-json\/wp\/v2\/media?parent=5266"}],"curies":[{"name":"wp","href":"https:\/\/api.w.org\/{rel}","templated":true}]}}