{"id":5266,"date":"2021-07-18T08:03:35","date_gmt":"2021-07-18T08:03:35","guid":{"rendered":"https:\/\/nuss.uxper.co\/luxury-resort\/?page_id=5266"},"modified":"2025-10-06T03:53:30","modified_gmt":"2025-10-06T03:53:30","slug":"sobre-nosotros","status":"publish","type":"page","link":"https:\/\/mercurechengdu.com\/es\/about-us\/","title":{"rendered":"Sobre nosotros"},"content":{"rendered":"<div data-elementor-type=\"wp-page\" data-elementor-id=\"5266\" class=\"elementor elementor-5266\">\n\t\t\t\t\t\t<section class=\"elementor-section elementor-top-section elementor-element elementor-element-10416953 elementor-section-boxed elementor-section-gap-beside-yes elementor-section-height-default elementor-section-height-default elementor-section-column-vertical-align-stretch\" data-id=\"10416953\" data-element_type=\"section\" data-e-type=\"section\">\n\t\t\t\t\t\t<div class=\"elementor-container elementor-column-gap-extended\">\n\t\t\t\t\t<div class=\"elementor-column elementor-col-100 elementor-top-column elementor-element elementor-element-29c6aa8\" data-id=\"29c6aa8\" data-element_type=\"column\" data-e-type=\"column\">\n\t\t\t<div class=\"elementor-widget-wrap elementor-element-populated\">\n\t\t\t\t\t\t<div class=\"elementor-element elementor-element-7be18fe7 elementor-widget__width-initial elementor-invisible elementor-widget elementor-widget-text-editor\" data-id=\"7be18fe7\" data-element_type=\"widget\" data-e-type=\"widget\" data-settings=\"{&quot;_animation&quot;:&quot;nussFadeInUp&quot;}\" data-widget_type=\"text-editor.default\">\n\t\t\t\t\t\t\t\t\t<div class=\"svelte-1c06zsf\" data-lang-code=\"\"><p data-spm-anchor-id=\"a2ty_o01.29997173.0.i27.ead2c921ZzvKd1\">Su elegante puerta de entrada al Bund y Nanjing Road<\/p><\/div>\t\t\t\t\t\t\t\t<\/div>\n\t\t\t\t\t<\/div>\n\t\t<\/div>\n\t\t\t\t\t<\/div>\n\t\t<\/section>\n\t\t\t\t<section class=\"elementor-section elementor-top-section elementor-element elementor-element-7d18327f elementor-section-boxed elementor-section-gap-beside-yes elementor-section-height-default elementor-section-height-default elementor-section-column-vertical-align-stretch\" data-id=\"7d18327f\" data-element_type=\"section\" data-e-type=\"section\">\n\t\t\t\t\t\t<div class=\"elementor-container elementor-column-gap-extended\">\n\t\t\t\t\t<div class=\"elementor-column elementor-col-50 elementor-top-column elementor-element elementor-element-56533670\" data-id=\"56533670\" data-element_type=\"column\" data-e-type=\"column\">\n\t\t\t<div class=\"elementor-widget-wrap elementor-element-populated\">\n\t\t\t\t\t\t<div class=\"elementor-element elementor-element-19c3f543 elementor-drop-cap-yes elementor-drop-cap-view-default elementor-invisible elementor-widget elementor-widget-text-editor\" data-id=\"19c3f543\" data-element_type=\"widget\" data-e-type=\"widget\" data-settings=\"{&quot;_animation&quot;:&quot;nussFadeInUp&quot;,&quot;drop_cap&quot;:&quot;yes&quot;}\" data-widget_type=\"text-editor.default\">\n\t\t\t\t\t\t\t\t\t<p data-spm-anchor-id=\"a2ty_o01.29997173.0.i29.3d51c921ETJXfI\">Ubicado en el vibrante coraz\u00f3n del distrito Jinjiang de Chengdu, <strong>Mercure Chengdu Chunxi Taikoo Li<\/strong> se erige como un refugio urbano de primer nivel para viajeros exigentes que buscan comodidad, cultura y conveniencia. Ubicado en <strong>No.20 Shuwa North 3rd Street<\/strong>Nuestro hotel de 4 estrellas ofrece un acceso perfecto a los destinos m\u00e1s emblem\u00e1ticos de la ciudad, desde las elegantes boutiques y los patios llenos de arte de <strong>Taikoo Li<\/strong> a la energ\u00eda bulliciosa de <strong>Carretera Chunxi<\/strong>, famosa por sus compras, comida callejera y vida nocturna.<\/p>\t\t\t\t\t\t\t\t<\/div>\n\t\t\t\t\t<\/div>\n\t\t<\/div>\n\t\t\t\t<div class=\"elementor-column elementor-col-50 elementor-top-column elementor-element elementor-element-30f14127\" data-id=\"30f14127\" data-element_type=\"column\" data-e-type=\"column\">\n\t\t\t<div class=\"elementor-widget-wrap elementor-element-populated\">\n\t\t\t\t\t\t<div class=\"elementor-element elementor-element-59aea08 elementor-widget elementor-widget-image\" data-id=\"59aea08\" data-element_type=\"widget\" data-e-type=\"widget\" data-widget_type=\"image.default\">\n\t\t\t\t\t\t\t\t\t\t\t\t\t\t\t<img fetchpriority=\"high\" decoding=\"async\" width=\"681\" height=\"853\" src=\"https:\/\/mercurechengdu.com\/wp-content\/uploads\/2025\/10\/Mercure-Chengdu-Chunxi-Taikoo-Li-70.webp\" class=\"attachment-large size-large wp-image-7194\" alt=\"\" srcset=\"https:\/\/mercurechengdu.com\/wp-content\/uploads\/2025\/10\/Mercure-Chengdu-Chunxi-Taikoo-Li-70.webp 681w, https:\/\/mercurechengdu.com\/wp-content\/uploads\/2025\/10\/Mercure-Chengdu-Chunxi-Taikoo-Li-70-240x300.webp 240w, https:\/\/mercurechengdu.com\/wp-content\/uploads\/2025\/10\/Mercure-Chengdu-Chunxi-Taikoo-Li-70-10x12.webp 10w\" sizes=\"(max-width: 681px) 100vw, 681px\" \/>\t\t\t\t\t\t\t\t\t\t\t\t\t\t\t<\/div>\n\t\t\t\t\t<\/div>\n\t\t<\/div>\n\t\t\t\t\t<\/div>\n\t\t<\/section>\n\t\t\t\t<section class=\"elementor-section elementor-top-section elementor-element elementor-element-29fb8578 elementor-section-height-min-height elementor-section-stretched elementor-section-full_width elementor-section-items-stretch elementor-section-height-default elementor-section-column-vertical-align-stretch\" data-id=\"29fb8578\" data-element_type=\"section\" data-e-type=\"section\" data-settings=\"{&quot;stretch_section&quot;:&quot;section-stretched&quot;}\">\n\t\t\t\t\t\t<div class=\"elementor-container elementor-column-gap-no\">\n\t\t\t\t\t<div class=\"elementor-column elementor-col-50 elementor-top-column elementor-element elementor-element-40ac270b\" data-id=\"40ac270b\" data-element_type=\"column\" data-e-type=\"column\">\n\t\t\t<div class=\"elementor-widget-wrap elementor-element-populated\">\n\t\t\t\t\t\t<div class=\"elementor-element elementor-element-20872773 elementor-widget__width-initial elementor-widget-mobile__width-inherit elementor-invisible nuss-elementor-loading nuss-slide-in-right elementor-widget elementor-widget-image\" data-id=\"20872773\" data-element_type=\"widget\" data-e-type=\"widget\" data-settings=\"{&quot;_animation&quot;:&quot;nussSlideInRight&quot;}\" data-widget_type=\"image.default\">\n\t\t\t\t\t\t\t\t\t\t\t\t\t\t\t<img decoding=\"async\" width=\"1280\" height=\"842\" src=\"https:\/\/mercurechengdu.com\/wp-content\/uploads\/2025\/10\/Mercure-Chengdu-Chunxi-Taikoo-Li-24.webp\" class=\"attachment-full size-full wp-image-7149\" alt=\"\" srcset=\"https:\/\/mercurechengdu.com\/wp-content\/uploads\/2025\/10\/Mercure-Chengdu-Chunxi-Taikoo-Li-24.webp 1280w, https:\/\/mercurechengdu.com\/wp-content\/uploads\/2025\/10\/Mercure-Chengdu-Chunxi-Taikoo-Li-24-300x197.webp 300w, https:\/\/mercurechengdu.com\/wp-content\/uploads\/2025\/10\/Mercure-Chengdu-Chunxi-Taikoo-Li-24-1024x674.webp 1024w, https:\/\/mercurechengdu.com\/wp-content\/uploads\/2025\/10\/Mercure-Chengdu-Chunxi-Taikoo-Li-24-768x505.webp 768w, https:\/\/mercurechengdu.com\/wp-content\/uploads\/2025\/10\/Mercure-Chengdu-Chunxi-Taikoo-Li-24-18x12.webp 18w\" sizes=\"(max-width: 1280px) 100vw, 1280px\" \/>\t\t\t\t\t\t\t\t\t\t\t\t\t\t\t<\/div>\n\t\t\t\t\t<\/div>\n\t\t<\/div>\n\t\t\t\t<div class=\"elementor-column elementor-col-50 elementor-top-column elementor-element elementor-element-2dac103\" data-id=\"2dac103\" data-element_type=\"column\" data-e-type=\"column\">\n\t\t\t<div class=\"elementor-widget-wrap elementor-element-populated\">\n\t\t\t\t\t\t<div class=\"elementor-element elementor-element-6f1b8966 elementor-invisible elementor-widget elementor-widget-text-editor\" data-id=\"6f1b8966\" data-element_type=\"widget\" data-e-type=\"widget\" data-settings=\"{&quot;_animation&quot;:&quot;nussFadeInUp&quot;}\" data-widget_type=\"text-editor.default\">\n\t\t\t\t\t\t\t\t\t<p data-spm-anchor-id=\"a2ty_o01.29997173.0.i30.3d51c921ETJXfI\">Dise\u00f1ado tanto para viajeros de negocios como de placer, el Mercure Chengdu Chunxi Taikoo Li combina la hospitalidad francesa contempor\u00e1nea con el aut\u00e9ntico encanto de Sichuan. Cada habitaci\u00f3n, cuidadosamente decorada, cuenta con ropa de cama de lujo, tecnolog\u00eda inteligente, vistas panor\u00e1micas a la ciudad y relajantes tonos neutros inspirados en los paisajes locales. Ya sea que est\u00e9 aqu\u00ed para explorar santuarios de pandas, disfrutar de un t\u00e9 en antiguas casas de t\u00e9 o asistir a reuniones de alto nivel, su estancia se ver\u00e1 realzada por un servicio intuitivo, comodidades seleccionadas localmente y espacios serenos dise\u00f1ados para el descanso y la renovaci\u00f3n.<\/p><div class=\"my-2\">\u00a0<\/div><p>Disfrute de la gastronom\u00eda local o de un sabor internacional en nuestro restaurante insignia, donde las audaces especias de Sichuan se combinan con las t\u00e9cnicas culinarias m\u00e1s modernas. Desde desayunos buffet con fideos dan dan hasta c\u00f3cteles por la noche con vistas al horizonte de Chengdu, cada comida es una experiencia.<\/p><div class=\"my-2\">\u00a0<\/div><p>Nuestros servicios est\u00e1n pensados para usted: conserjer\u00eda 24\/7, salas de reuniones flexibles, gimnasio e itinerarios personalizados que le revelar\u00e1n tesoros escondidos que solo los locales conocen. Con f\u00e1cil acceso al metro y a pasos de las principales atracciones, Mercure Chengdu Chunxi Taikoo Li no es solo un lugar para dormir: es su puerta de entrada para experimentar el ritmo, el sabor y el alma de Chengdu.<\/p><div class=\"my-2\">\u00a0<\/div><p><strong>Perfecto para viajeros que buscan: &quot;el mejor hotel cerca de Taikoo Li Chengdu&quot;, &quot;hoteles de lujo en el distrito de Jinjiang&quot;, &quot;hoteles de negocios en Chengdu con traslado al aeropuerto&quot; u &quot;hoteles boutique en Chengdu con excelente gastronom\u00eda&quot;.<\/strong> Reserve hoy su estancia inolvidable, donde cada detalle susurra <em>Bienvenido a casa<\/em>\u2026en el coraz\u00f3n de la ciudad m\u00e1s habitable de China.<\/p>\t\t\t\t\t\t\t\t<\/div>\n\t\t\t\t\t<\/div>\n\t\t<\/div>\n\t\t\t\t\t<\/div>\n\t\t<\/section>\n\t\t\t\t<section class=\"elementor-section elementor-top-section elementor-element elementor-element-2092b7d0 elementor-section-stretched elementor-section-boxed elementor-section-gap-beside-yes elementor-section-height-default elementor-section-height-default elementor-section-column-vertical-align-stretch\" data-id=\"2092b7d0\" data-element_type=\"section\" data-e-type=\"section\" data-settings=\"{&quot;background_background&quot;:&quot;classic&quot;,&quot;stretch_section&quot;:&quot;section-stretched&quot;}\">\n\t\t\t\t\t\t<div class=\"elementor-container elementor-column-gap-extended\">\n\t\t\t\t\t<div class=\"elementor-column elementor-col-100 elementor-top-column elementor-element elementor-element-be69d75\" data-id=\"be69d75\" data-element_type=\"column\" data-e-type=\"column\">\n\t\t\t<div class=\"elementor-widget-wrap elementor-element-populated\">\n\t\t\t\t\t\t<div class=\"elementor-element elementor-element-320c022 elementor-widget elementor-widget-nuss-heading\" data-id=\"320c022\" data-element_type=\"widget\" data-e-type=\"widget\" data-widget_type=\"nuss-heading.default\">\n\t\t\t\t<div class=\"elementor-widget-container\">\n\t\t\t\t\t\t\t<div class=\"nuss-modern-heading\">\r\n\t\t\t\t\t\t<div class=\"heading-secondary-wrap\">\r\n\t\t\t\t<h3 class=\"heading-secondary elementor-heading-title\">Consultar disponibilidad <\/h3>\t\t\t<\/div>\r\n\t\t\r\n\t\t\t\r\n\t\t\t\r\n\t\t\t\t\t<\/div>\r\n\t\t\t\t\t<\/div>\n\t\t\t\t<\/div>\n\t\t\t\t<div class=\"elementor-element elementor-element-fe69a93 elementor-widget elementor-widget-text-editor\" data-id=\"fe69a93\" data-element_type=\"widget\" data-e-type=\"widget\" data-widget_type=\"text-editor.default\">\n\t\t\t\t\t\t\t\t\t<iframe border=\"0\" src=\"https:\/\/www.trip.com\/partners\/ad\/S5749354?Allianceid=7116208&#038;SID=263848509&#038;trip_sub1=\" style=\"width:1200px;height:200px\" frameborder=\"0\" scrolling=\"no\" id=\"S5749354\"><\/iframe>\t\t\t\t\t\t\t\t<\/div>\n\t\t\t\t\t<\/div>\n\t\t<\/div>\n\t\t\t\t\t<\/div>\n\t\t<\/section>\n\t\t\t\t<\/div>","protected":false},"excerpt":{"rendered":"<p>Your Stylish Gateway to the Bund &amp; Nanjing Road Nestled in the vibrant heart of Chengdu\u2019s Jinjiang District, Mercure Chengdu Chunxi Taikoo Li stands as a premier urban retreat for discerning travelers seeking comfort, culture, and convenience. Located at No.20 Shuwa North 3rd Street, our 4-star hotel offers seamless access to the city\u2019s most iconic [&hellip;]<\/p>\n","protected":false},"author":1,"featured_media":0,"parent":0,"menu_order":0,"comment_status":"closed","ping_status":"closed","template":"","meta":{"footnotes":""},"class_list":["post-5266","page","type-page","status-publish","hentry","post-no-thumbnail"],"_links":{"self":[{"href":"https:\/\/mercurechengdu.com\/es\/wp-json\/wp\/v2\/pages\/5266","targetHints":{"allow":["GET"]}}],"collection":[{"href":"https:\/\/mercurechengdu.com\/es\/wp-json\/wp\/v2\/pages"}],"about":[{"href":"https:\/\/mercurechengdu.com\/es\/wp-json\/wp\/v2\/types\/page"}],"author":[{"embeddable":true,"href":"https:\/\/mercurechengdu.com\/es\/wp-json\/wp\/v2\/users\/1"}],"replies":[{"embeddable":true,"href":"https:\/\/mercurechengdu.com\/es\/wp-json\/wp\/v2\/comments?post=5266"}],"version-history":[{"count":0,"href":"https:\/\/mercurechengdu.com\/es\/wp-json\/wp\/v2\/pages\/5266\/revisions"}],"wp:attachment":[{"href":"https:\/\/mercurechengdu.com\/es\/wp-json\/wp\/v2\/media?parent=5266"}],"curies":[{"name":"wp","href":"https:\/\/api.w.org\/{rel}","templated":true}]}}