{"id":5266,"date":"2021-07-18T08:03:35","date_gmt":"2021-07-18T08:03:35","guid":{"rendered":"https:\/\/nuss.uxper.co\/luxury-resort\/?page_id=5266"},"modified":"2025-10-06T03:53:30","modified_gmt":"2025-10-06T03:53:30","slug":"uber-uns","status":"publish","type":"page","link":"https:\/\/mercurechengdu.com\/de\/about-us\/","title":{"rendered":"\u00dcber uns"},"content":{"rendered":"<div data-elementor-type=\"wp-page\" data-elementor-id=\"5266\" class=\"elementor elementor-5266\">\n\t\t\t\t\t\t<section class=\"elementor-section elementor-top-section elementor-element elementor-element-10416953 elementor-section-boxed elementor-section-gap-beside-yes elementor-section-height-default elementor-section-height-default elementor-section-column-vertical-align-stretch\" data-id=\"10416953\" data-element_type=\"section\" data-e-type=\"section\">\n\t\t\t\t\t\t<div class=\"elementor-container elementor-column-gap-extended\">\n\t\t\t\t\t<div class=\"elementor-column elementor-col-100 elementor-top-column elementor-element elementor-element-29c6aa8\" data-id=\"29c6aa8\" data-element_type=\"column\" data-e-type=\"column\">\n\t\t\t<div class=\"elementor-widget-wrap elementor-element-populated\">\n\t\t\t\t\t\t<div class=\"elementor-element elementor-element-7be18fe7 elementor-widget__width-initial elementor-invisible elementor-widget elementor-widget-text-editor\" data-id=\"7be18fe7\" data-element_type=\"widget\" data-e-type=\"widget\" data-settings=\"{&quot;_animation&quot;:&quot;nussFadeInUp&quot;}\" data-widget_type=\"text-editor.default\">\n\t\t\t\t\t\t\t\t\t<div class=\"svelte-1c06zsf\" data-lang-code=\"\"><p data-spm-anchor-id=\"a2ty_o01.29997173.0.i27.ead2c921ZzvKd1\">Ihr stilvolles Tor zum Bund und zur Nanjing Road<\/p><\/div>\t\t\t\t\t\t\t\t<\/div>\n\t\t\t\t\t<\/div>\n\t\t<\/div>\n\t\t\t\t\t<\/div>\n\t\t<\/section>\n\t\t\t\t<section class=\"elementor-section elementor-top-section elementor-element elementor-element-7d18327f elementor-section-boxed elementor-section-gap-beside-yes elementor-section-height-default elementor-section-height-default elementor-section-column-vertical-align-stretch\" data-id=\"7d18327f\" data-element_type=\"section\" data-e-type=\"section\">\n\t\t\t\t\t\t<div class=\"elementor-container elementor-column-gap-extended\">\n\t\t\t\t\t<div class=\"elementor-column elementor-col-50 elementor-top-column elementor-element elementor-element-56533670\" data-id=\"56533670\" data-element_type=\"column\" data-e-type=\"column\">\n\t\t\t<div class=\"elementor-widget-wrap elementor-element-populated\">\n\t\t\t\t\t\t<div class=\"elementor-element elementor-element-19c3f543 elementor-drop-cap-yes elementor-drop-cap-view-default elementor-invisible elementor-widget elementor-widget-text-editor\" data-id=\"19c3f543\" data-element_type=\"widget\" data-e-type=\"widget\" data-settings=\"{&quot;_animation&quot;:&quot;nussFadeInUp&quot;,&quot;drop_cap&quot;:&quot;yes&quot;}\" data-widget_type=\"text-editor.default\">\n\t\t\t\t\t\t\t\t\t<p data-spm-anchor-id=\"a2ty_o01.29997173.0.i29.3d51c921ETJXfI\">Eingebettet im pulsierenden Herzen des Jinjiang-Bezirks von Chengdu, <strong>Mercure Chengdu Chunxi Taikoo Li<\/strong> steht als erstklassiger urbaner R\u00fcckzugsort f\u00fcr anspruchsvolle Reisende, die Komfort, Kultur und Bequemlichkeit suchen. Gelegen in <strong>Nr. 20 Shuwa North 3rd Street<\/strong>, unser 4-Sterne-Hotel bietet nahtlosen Zugang zu den ber\u00fchmtesten Zielen der Stadt \u2013 von den schicken Boutiquen und kunstvollen Innenh\u00f6fen von <strong>Taikoo Li<\/strong> zur gesch\u00e4ftigen Energie von <strong>Chunxi-Stra\u00dfe<\/strong>, ber\u00fchmt f\u00fcr seine Einkaufsm\u00f6glichkeiten, Stra\u00dfenimbisse und sein Nachtleben.<\/p>\t\t\t\t\t\t\t\t<\/div>\n\t\t\t\t\t<\/div>\n\t\t<\/div>\n\t\t\t\t<div class=\"elementor-column elementor-col-50 elementor-top-column elementor-element elementor-element-30f14127\" data-id=\"30f14127\" data-element_type=\"column\" data-e-type=\"column\">\n\t\t\t<div class=\"elementor-widget-wrap elementor-element-populated\">\n\t\t\t\t\t\t<div class=\"elementor-element elementor-element-59aea08 elementor-widget elementor-widget-image\" data-id=\"59aea08\" data-element_type=\"widget\" data-e-type=\"widget\" data-widget_type=\"image.default\">\n\t\t\t\t\t\t\t\t\t\t\t\t\t\t\t<img fetchpriority=\"high\" decoding=\"async\" width=\"681\" height=\"853\" src=\"https:\/\/mercurechengdu.com\/wp-content\/uploads\/2025\/10\/Mercure-Chengdu-Chunxi-Taikoo-Li-70.webp\" class=\"attachment-large size-large wp-image-7194\" alt=\"\" srcset=\"https:\/\/mercurechengdu.com\/wp-content\/uploads\/2025\/10\/Mercure-Chengdu-Chunxi-Taikoo-Li-70.webp 681w, https:\/\/mercurechengdu.com\/wp-content\/uploads\/2025\/10\/Mercure-Chengdu-Chunxi-Taikoo-Li-70-240x300.webp 240w, https:\/\/mercurechengdu.com\/wp-content\/uploads\/2025\/10\/Mercure-Chengdu-Chunxi-Taikoo-Li-70-10x12.webp 10w\" sizes=\"(max-width: 681px) 100vw, 681px\" \/>\t\t\t\t\t\t\t\t\t\t\t\t\t\t\t<\/div>\n\t\t\t\t\t<\/div>\n\t\t<\/div>\n\t\t\t\t\t<\/div>\n\t\t<\/section>\n\t\t\t\t<section class=\"elementor-section elementor-top-section elementor-element elementor-element-29fb8578 elementor-section-height-min-height elementor-section-stretched elementor-section-full_width elementor-section-items-stretch elementor-section-height-default elementor-section-column-vertical-align-stretch\" data-id=\"29fb8578\" data-element_type=\"section\" data-e-type=\"section\" data-settings=\"{&quot;stretch_section&quot;:&quot;section-stretched&quot;}\">\n\t\t\t\t\t\t<div class=\"elementor-container elementor-column-gap-no\">\n\t\t\t\t\t<div class=\"elementor-column elementor-col-50 elementor-top-column elementor-element elementor-element-40ac270b\" data-id=\"40ac270b\" data-element_type=\"column\" data-e-type=\"column\">\n\t\t\t<div class=\"elementor-widget-wrap elementor-element-populated\">\n\t\t\t\t\t\t<div class=\"elementor-element elementor-element-20872773 elementor-widget__width-initial elementor-widget-mobile__width-inherit elementor-invisible nuss-elementor-loading nuss-slide-in-right elementor-widget elementor-widget-image\" data-id=\"20872773\" data-element_type=\"widget\" data-e-type=\"widget\" data-settings=\"{&quot;_animation&quot;:&quot;nussSlideInRight&quot;}\" data-widget_type=\"image.default\">\n\t\t\t\t\t\t\t\t\t\t\t\t\t\t\t<img decoding=\"async\" width=\"1280\" height=\"842\" src=\"https:\/\/mercurechengdu.com\/wp-content\/uploads\/2025\/10\/Mercure-Chengdu-Chunxi-Taikoo-Li-24.webp\" class=\"attachment-full size-full wp-image-7149\" alt=\"\" srcset=\"https:\/\/mercurechengdu.com\/wp-content\/uploads\/2025\/10\/Mercure-Chengdu-Chunxi-Taikoo-Li-24.webp 1280w, https:\/\/mercurechengdu.com\/wp-content\/uploads\/2025\/10\/Mercure-Chengdu-Chunxi-Taikoo-Li-24-300x197.webp 300w, https:\/\/mercurechengdu.com\/wp-content\/uploads\/2025\/10\/Mercure-Chengdu-Chunxi-Taikoo-Li-24-1024x674.webp 1024w, https:\/\/mercurechengdu.com\/wp-content\/uploads\/2025\/10\/Mercure-Chengdu-Chunxi-Taikoo-Li-24-768x505.webp 768w, https:\/\/mercurechengdu.com\/wp-content\/uploads\/2025\/10\/Mercure-Chengdu-Chunxi-Taikoo-Li-24-18x12.webp 18w\" sizes=\"(max-width: 1280px) 100vw, 1280px\" \/>\t\t\t\t\t\t\t\t\t\t\t\t\t\t\t<\/div>\n\t\t\t\t\t<\/div>\n\t\t<\/div>\n\t\t\t\t<div class=\"elementor-column elementor-col-50 elementor-top-column elementor-element elementor-element-2dac103\" data-id=\"2dac103\" data-element_type=\"column\" data-e-type=\"column\">\n\t\t\t<div class=\"elementor-widget-wrap elementor-element-populated\">\n\t\t\t\t\t\t<div class=\"elementor-element elementor-element-6f1b8966 elementor-invisible elementor-widget elementor-widget-text-editor\" data-id=\"6f1b8966\" data-element_type=\"widget\" data-e-type=\"widget\" data-settings=\"{&quot;_animation&quot;:&quot;nussFadeInUp&quot;}\" data-widget_type=\"text-editor.default\">\n\t\t\t\t\t\t\t\t\t<p data-spm-anchor-id=\"a2ty_o01.29997173.0.i30.3d51c921ETJXfI\">Das Mercure Chengdu Chunxi Taikoo Li ist sowohl f\u00fcr Gesch\u00e4fts- als auch f\u00fcr Urlaubsreisende konzipiert und verbindet moderne franz\u00f6sische Gastfreundschaft mit authentischem Sichuan-Charme. Jedes sorgf\u00e4ltig eingerichtete Zimmer bietet hochwertige Bettw\u00e4sche, intelligente Technologie, Panoramablick auf die Stadt und ist in beruhigenden, neutralen Farbt\u00f6nen gehalten, die von der lokalen Landschaft inspiriert sind. Ob Sie Panda-Schutzgebiete erkunden, in alten Teeh\u00e4usern Tee trinken oder an hochrangigen Meetings teilnehmen m\u00f6chten \u2013 Ihr Aufenthalt wird durch pers\u00f6nlichen Service, lokal zusammengestellte Annehmlichkeiten und ruhige R\u00e4ume zum Entspannen und Erholen versch\u00f6nert.<\/p><div class=\"my-2\">\u00a0<\/div><p>Speisen Sie wie ein Einheimischer \u2013 oder lassen Sie sich von internationalen K\u00f6stlichkeiten verw\u00f6hnen \u2013 in unserem einzigartigen Restaurant, wo kr\u00e4ftige Sichuan-Gew\u00fcrze mit modernen Kochtechniken verschmelzen. Vom Fr\u00fchst\u00fccksbuffet mit Dan-Dan-Nudeln bis zum abendlichen Cocktail mit Blick auf die Skyline von Chengdu ist jede Mahlzeit ein Erlebnis.<\/p><div class=\"my-2\">\u00a0<\/div><p>Unsere Services sind auf Sie zugeschnitten: Concierge rund um die Uhr, flexible Tagungsr\u00e4ume, Fitnesscenter und individuelle Reisepl\u00e4ne, die Ihnen verborgene Sch\u00e4tze zeigen, die nur Einheimische kennen. Dank der guten Anbindung an die U-Bahn und nur wenige Schritte von den wichtigsten Sehensw\u00fcrdigkeiten entfernt ist das Mercure Chengdu Chunxi Taikoo Li nicht nur ein Ort zum Schlafen \u2013 es ist Ihr Tor, um den Rhythmus, das Flair und die Seele von Chengdu zu erleben.<\/p><div class=\"my-2\">\u00a0<\/div><p><strong>Perfekt f\u00fcr Reisende, die nach Folgendem suchen: \u201eBestes Hotel in der N\u00e4he von Taikoo Li Chengdu\u201c, \u201eLuxushotels im Bezirk Jinjiang\u201c, \u201eBusinesshotels in Chengdu mit Flughafentransfer\u201c oder \u201eBoutique-Hotels in Chengdu mit gro\u00dfartigem Essen\u201c.<\/strong> Buchen Sie noch heute Ihren unvergesslichen Aufenthalt \u2013 wo jedes Detail fl\u00fcstert <em>Willkommen zu Hause<\/em>\u2026 im Herzen der lebenswertesten Stadt Chinas.<\/p>\t\t\t\t\t\t\t\t<\/div>\n\t\t\t\t\t<\/div>\n\t\t<\/div>\n\t\t\t\t\t<\/div>\n\t\t<\/section>\n\t\t\t\t<section class=\"elementor-section elementor-top-section elementor-element elementor-element-2092b7d0 elementor-section-stretched elementor-section-boxed elementor-section-gap-beside-yes elementor-section-height-default elementor-section-height-default elementor-section-column-vertical-align-stretch\" data-id=\"2092b7d0\" data-element_type=\"section\" data-e-type=\"section\" data-settings=\"{&quot;background_background&quot;:&quot;classic&quot;,&quot;stretch_section&quot;:&quot;section-stretched&quot;}\">\n\t\t\t\t\t\t<div class=\"elementor-container elementor-column-gap-extended\">\n\t\t\t\t\t<div class=\"elementor-column elementor-col-100 elementor-top-column elementor-element elementor-element-be69d75\" data-id=\"be69d75\" data-element_type=\"column\" data-e-type=\"column\">\n\t\t\t<div class=\"elementor-widget-wrap elementor-element-populated\">\n\t\t\t\t\t\t<div class=\"elementor-element elementor-element-320c022 elementor-widget elementor-widget-nuss-heading\" data-id=\"320c022\" data-element_type=\"widget\" data-e-type=\"widget\" data-widget_type=\"nuss-heading.default\">\n\t\t\t\t<div class=\"elementor-widget-container\">\n\t\t\t\t\t\t\t<div class=\"nuss-modern-heading\">\r\n\t\t\t\t\t\t<div class=\"heading-secondary-wrap\">\r\n\t\t\t\t<h3 class=\"heading-secondary elementor-heading-title\">Verf\u00fcgbarkeit pr\u00fcfen <\/h3>\t\t\t<\/div>\r\n\t\t\r\n\t\t\t\r\n\t\t\t\r\n\t\t\t\t\t<\/div>\r\n\t\t\t\t\t<\/div>\n\t\t\t\t<\/div>\n\t\t\t\t<div class=\"elementor-element elementor-element-fe69a93 elementor-widget elementor-widget-text-editor\" data-id=\"fe69a93\" data-element_type=\"widget\" data-e-type=\"widget\" data-widget_type=\"text-editor.default\">\n\t\t\t\t\t\t\t\t\t<iframe border=\"0\" src=\"https:\/\/www.trip.com\/partners\/ad\/S5749354?Allianceid=7116208&#038;SID=263848509&#038;trip_sub1=\" style=\"width:1200px;height:200px\" frameborder=\"0\" scrolling=\"no\" id=\"S5749354\"><\/iframe>\t\t\t\t\t\t\t\t<\/div>\n\t\t\t\t\t<\/div>\n\t\t<\/div>\n\t\t\t\t\t<\/div>\n\t\t<\/section>\n\t\t\t\t<\/div>","protected":false},"excerpt":{"rendered":"<p>Your Stylish Gateway to the Bund &amp; Nanjing Road Nestled in the vibrant heart of Chengdu\u2019s Jinjiang District, Mercure Chengdu Chunxi Taikoo Li stands as a premier urban retreat for discerning travelers seeking comfort, culture, and convenience. Located at No.20 Shuwa North 3rd Street, our 4-star hotel offers seamless access to the city\u2019s most iconic [&hellip;]<\/p>\n","protected":false},"author":1,"featured_media":0,"parent":0,"menu_order":0,"comment_status":"closed","ping_status":"closed","template":"","meta":{"footnotes":""},"class_list":["post-5266","page","type-page","status-publish","hentry","post-no-thumbnail"],"_links":{"self":[{"href":"https:\/\/mercurechengdu.com\/de\/wp-json\/wp\/v2\/pages\/5266","targetHints":{"allow":["GET"]}}],"collection":[{"href":"https:\/\/mercurechengdu.com\/de\/wp-json\/wp\/v2\/pages"}],"about":[{"href":"https:\/\/mercurechengdu.com\/de\/wp-json\/wp\/v2\/types\/page"}],"author":[{"embeddable":true,"href":"https:\/\/mercurechengdu.com\/de\/wp-json\/wp\/v2\/users\/1"}],"replies":[{"embeddable":true,"href":"https:\/\/mercurechengdu.com\/de\/wp-json\/wp\/v2\/comments?post=5266"}],"version-history":[{"count":0,"href":"https:\/\/mercurechengdu.com\/de\/wp-json\/wp\/v2\/pages\/5266\/revisions"}],"wp:attachment":[{"href":"https:\/\/mercurechengdu.com\/de\/wp-json\/wp\/v2\/media?parent=5266"}],"curies":[{"name":"wp","href":"https:\/\/api.w.org\/{rel}","templated":true}]}}